{"id":167,"date":"2020-10-13T17:04:19","date_gmt":"2020-10-13T17:04:19","guid":{"rendered":"https:\/\/www.sexologiayresiliencia.com\/sexologiayresiliencia\/?page_id=167"},"modified":"2021-10-07T15:00:39","modified_gmt":"2021-10-07T13:00:39","slug":"a-propos","status":"publish","type":"page","link":"https:\/\/www.sexologiayresiliencia.com\/fr\/a-propos\/","title":{"rendered":"\u00c0 propos du Conseil en Sexologie et R\u00e9silience"},"content":{"rendered":"<div class=\"wpb-content-wrapper\"><section class=\"l-section wpb_row height_medium color_primary with_img parallax_ver parallaxdir_reversed with_overlay\"><div class=\"l-section-img\" style=\"background-image: url(https:\/\/www.sexologiayresiliencia.com\/sexologiayresiliencia\/wp-content\/uploads\/2020\/10\/collage_3.png);background-size: contain;\" data-img-width=\"1775\" data-img-height=\"711\"><\/div><div class=\"l-section-overlay\" style=\"background: linear-gradient(0deg,rgba(26,26,26,0.85),rgba(0,0,0,0.20))\"><\/div><div class=\"l-section-h i-cf\"><div class=\"g-cols vc_row type_default valign_top\"><div class=\"vc_col-sm-9 wpb_column vc_column_container\"><div class=\"vc_column-inner\"><div class=\"wpb_wrapper\"><div class=\"w-separator size_huge\"><\/div><div class=\"wpb_text_column\" ><div class=\"wpb_wrapper\"><h1>\u00c0 propos du Conseil en Sexologie et R\u00e9silience<\/h1>\n<\/div><\/div><\/div><\/div><\/div><div class=\"vc_col-sm-3 wpb_column vc_column_container\"><div class=\"vc_column-inner\"><div class=\"wpb_wrapper\"><\/div><\/div><\/div><\/div><\/div><\/section><section class=\"l-section wpb_row height_medium no_bottom_padding\" id=\"proposito\"><div class=\"l-section-h i-cf\"><div class=\"g-cols vc_row type_default valign_top\"><div class=\"vc_col-sm-12 wpb_column vc_column_container\"><div class=\"vc_column-inner\"><div class=\"wpb_wrapper\"><div class=\"g-cols wpb_row  type_default valign_top vc_inner\"><div class=\"vc_col-sm-3 wpb_column vc_column_container\"><div class=\"vc_column-inner\"><div class=\"wpb_wrapper\"><div class=\"wpb_text_column\" ><div class=\"wpb_wrapper\"><h5>But<\/h5>\n<\/div><\/div><\/div><\/div><\/div><div class=\"vc_col-sm-9 wpb_column vc_column_container\"><div class=\"vc_column-inner\"><div class=\"wpb_wrapper\"><div class=\"wpb_text_column\" ><div class=\"wpb_wrapper\"><h2>Vous aider \u00e0 comprendre et d\u00e9passer vos difficult\u00e9s sexuelles. Vous fournir des r\u00e9ponses pr\u00e9cises autour de la sexualit\u00e9, l&rsquo;orgasme, le plaisir, la jouissance, les traumas sexuels, les troubles sexuels, les th\u00e9rapies et voies th\u00e9rapeutiques.<\/h2>\n<\/div><\/div><\/div><\/div><\/div><\/div><\/div><\/div><\/div><\/div><\/div><\/section><section class=\"l-section wpb_row height_medium\"><div class=\"l-section-h i-cf\"><div class=\"g-cols vc_row type_default valign_top\"><div class=\"vc_col-sm-3 wpb_column vc_column_container\"><div class=\"vc_column-inner\"><div class=\"wpb_wrapper\"><div class=\"wpb_text_column\" ><div class=\"wpb_wrapper\"><h5>Objectifs<\/h5>\n<\/div><\/div><\/div><\/div><\/div><div class=\"vc_col-sm-3 wpb_column vc_column_container\"><div class=\"vc_column-inner\"><div class=\"wpb_wrapper\"><div class=\"wpb_text_column\" ><div class=\"wpb_wrapper\"><h1>1<\/h1>\n<\/div><\/div><div class=\"wpb_text_column\" ><div class=\"wpb_wrapper\"><h5>Le premier objectif est de vous fournir un espace pour vous sentir \u00e9cout\u00e9e et comprise, pour prendre soin de votre image intime de vous-m\u00eame.<\/h5>\n<\/div><\/div><\/div><\/div><\/div><div class=\"vc_col-sm-3 wpb_column vc_column_container\"><div class=\"vc_column-inner\"><div class=\"wpb_wrapper\"><div class=\"wpb_text_column\" ><div class=\"wpb_wrapper\"><h1>2<\/h1>\n<\/div><\/div><div class=\"wpb_text_column\" ><div class=\"wpb_wrapper\"><p>Le deuxi\u00e8me objectif est de vous aider \u00e0 croire dans votre r\u00e9silience sexuelle, quelque soit votre v\u00e9cu traumatique. Vous aurez des pistes adapt\u00e9es \u00e0 vos pr\u00e9f\u00e9rences et vos besoins individuels.<\/p>\n<\/div><\/div><\/div><\/div><\/div><div class=\"vc_col-sm-3 wpb_column vc_column_container\"><div class=\"vc_column-inner\"><div class=\"wpb_wrapper\"><div class=\"wpb_text_column\" ><div class=\"wpb_wrapper\"><h1>3<\/h1>\n<\/div><\/div><div class=\"wpb_text_column\" ><div class=\"wpb_wrapper\"><p>Le troisi\u00e8me objectif est de vous donner une vue d&rsquo;ensemble de la r\u00e9silience sexuelle et des th\u00e9rapies existantes. Vous accompagner dans votre chemin de gu\u00e9rison pour vous sentir mieux le plus rapidement possible.<\/p>\n<\/div><\/div><\/div><\/div><\/div><\/div><\/div><\/section><section class=\"l-section wpb_row height_medium color_alternate\"><div class=\"l-section-h i-cf\"><div class=\"g-cols vc_row type_default valign_top\"><div class=\"vc_col-sm-6 wpb_column vc_column_container\"><div class=\"vc_column-inner\"><div class=\"wpb_wrapper\"><div class=\"wpb_text_column\" ><div class=\"wpb_wrapper\"><h3>Comment se d\u00e9roule la consultation de conseil en Sexologie et r\u00e9silience?<\/h3>\n<p>La s\u00e9ance se d\u00e9veloppe en un <strong>mode conversationnel<\/strong>. Assisse confortablement en face \u00e0 face. Dans mon bureau ou en t\u00e9l\u00e9-consultation au travers une plateforme (teams ou autre).<\/p>\n<p>Bon \u00e0 savoir: Lors de la consultation ne vous sentez pas \u00ab oblig\u00e9e \u00bb de raconter vos traumas sexuels du pass\u00e9.<\/p>\n<p>Ne pas se sentir oblig\u00e9e de dire ou faire quoi que ce soit est un bon premier pas vers la r\u00e9silience.<\/p>\n<p>L\u2019essentiel est de me dire ce que vous vivez et ressentez actuellement. Et aussi de me d\u00e9crire les changements que vous souhaitez cr\u00e9er dans votre vie sexuelle et affective.<\/p>\n<\/div><\/div><\/div><\/div><\/div><div class=\"vc_col-sm-6 wpb_column vc_column_container\"><div class=\"vc_column-inner\"><div class=\"wpb_wrapper\"><div class=\"wpb_text_column\" ><div class=\"wpb_wrapper\"><h3>De combien de s\u00e9ances aurais-je besoin pour me sentir mieux?<\/h3>\n<p>Le conseil Sexologie et R\u00e9silience a \u00e9t\u00e9 con\u00e7u pour vous orienter et informer de mani\u00e8re tr\u00e8s pragmatique. D&rsquo;une \u00e0 six consultations peuvent \u00eatre n\u00e9cessaires. Le nombre de s\u00e9ances et sa r\u00e9gularit\u00e9 sont deux choix qui vous appartiennent.<\/p>\n<p>Apr\u00e8s chaque consultation vous pourrez\u00a0:<\/p>\n<ul>\n<li>cr\u00e9er des changements positifs dans votre vie sexuelle et affective<\/li>\n<li>exp\u00e9rimenter une plus grande conscience \u00e9motionnelle et corporelle<\/li>\n<li>mieux comprendre vos r\u00e9actions ou comportements sexuels<\/li>\n<li>identifier les th\u00e9rapies efficaces face \u00e0 vos sympt\u00f4mes sp\u00e9cifiques<\/li>\n<li>obtenir des informations ou nouvelles perspectives pour vivre votre sexualit\u00e9 en accord avec vos propres d\u00e9sirs, sentiments et convictions<\/li>\n<\/ul>\n<p>Il est important d\u2019envisager la consultation de conseil dans mon cabinet Sexologie et R\u00e9silience comme une th\u00e9rapie br\u00e8ve qui vise votre choix \u00e9clair\u00e9 de th\u00e9rapies pertinentes et aussi votre autonomie sexuelle et non votre d\u00e9pendance vis-\u00e0-vis d\u2019aucun th\u00e9rapeute.<\/p>\n<\/div><\/div><\/div><\/div><\/div><\/div><\/div><\/section><section class=\"l-section wpb_row height_medium\"><div class=\"l-section-h i-cf\"><div class=\"g-cols vc_row type_default valign_top\"><div class=\"vc_col-sm-12 wpb_column vc_column_container\"><div class=\"vc_column-inner\"><div class=\"wpb_wrapper\"><div class=\"g-cols wpb_row  type_default valign_middle vc_inner\"><div class=\"vc_col-sm-4 wpb_column vc_column_container\"><div class=\"vc_column-inner\"><div class=\"wpb_wrapper\"><div class=\"wpb_text_column\" ><div class=\"wpb_wrapper\"><h1>\u00c0 propos<br \/>\nde moi<\/h1>\n<\/div><\/div><\/div><\/div><\/div><div class=\"vc_col-sm-4 wpb_column vc_column_container\"><div class=\"vc_column-inner\"><div class=\"wpb_wrapper\"><div class=\"wpb_text_column\" ><div class=\"wpb_wrapper\"><p><strong>Je suis Violeta Belhouchat, franco-chilenne. <\/strong>N\u00e9e au Chili en 1974, devenue fran\u00e7aise en 2012.<\/p>\n<p>Master en Litt\u00e9rature \u00c9tudes Th\u00e9\u00e2trales, Universit\u00e9 Paris 3<br \/>\nDocumentaliste, Universit\u00e9 Paris 8. \u00c9tudes de sexologie, CERFPA.<\/p>\n<p>Formatrice d&rsquo;adultes, exp\u00e9rience dans l&rsquo;enseignement sp\u00e9cialis\u00e9 de jeunes avec particularit\u00e9s cognitives et situations de handicap moteur, <strong>animatrice d&rsquo;ateliers et des groupes de parole de victimes de violences sexuelles<\/strong> <strong>et mutilations sexuelles.<\/strong><\/p>\n<h5>Travail en collaboration avec des psychiatres, psychologues et th\u00e9rapeutes:<\/h5>\n<p>ICV Int\u00e9gration du Cycle de Vie (Lifespan Integration), EMDR-IMO, Hypnose ericksonienne, Sophrologie, Th\u00e9rapie corporelle, PNL, TCC, Th\u00e9rapie des sch\u00e9mas.<\/p>\n<\/div><\/div><\/div><\/div><\/div><div class=\"vc_col-sm-4 wpb_column vc_column_container\"><div class=\"vc_column-inner\"><div class=\"wpb_wrapper\"><div class=\"w-image style_circle align_none\"><div class=\"w-image-h\"><img loading=\"lazy\" decoding=\"async\" width=\"698\" height=\"698\" src=\"https:\/\/www.sexologiayresiliencia.com\/sexologiayresiliencia\/wp-content\/uploads\/2020\/10\/Violeta_portrait_square.jpg\" class=\"attachment-full size-full\" alt=\"\" srcset=\"https:\/\/www.sexologiayresiliencia.com\/sexologiayresiliencia\/wp-content\/uploads\/2020\/10\/Violeta_portrait_square.jpg 698w, https:\/\/www.sexologiayresiliencia.com\/sexologiayresiliencia\/wp-content\/uploads\/2020\/10\/Violeta_portrait_square-300x300.jpg 300w, https:\/\/www.sexologiayresiliencia.com\/sexologiayresiliencia\/wp-content\/uploads\/2020\/10\/Violeta_portrait_square-150x150.jpg 150w\" sizes=\"auto, (max-width: 698px) 100vw, 698px\" \/><\/div><\/div><\/div><\/div><\/div><\/div><\/div><\/div><\/div><\/div><\/div><\/section><section class=\"l-section wpb_row height_medium color_primary\"><div class=\"l-section-h i-cf\"><div class=\"g-cols vc_row type_default valign_top\"><div class=\"vc_col-sm-12 wpb_column vc_column_container\"><div class=\"vc_column-inner\"><div class=\"wpb_wrapper\"><div class=\"wpb_text_column\" ><div class=\"wpb_wrapper\"><h2>Campagne de pr\u00e9vention<\/h2>\n<\/div><\/div><div class=\"w-separator size_small\"><\/div><div class=\"g-cols wpb_row  type_default valign_top vc_inner\"><div class=\"vc_col-sm-4 wpb_column vc_column_container\"><div class=\"vc_column-inner\"><div class=\"wpb_wrapper\"><div class=\"wpb_text_column\" ><div class=\"wpb_wrapper\"><p>Aucun ni aucune sexologue n&rsquo;a le droit de vous demander (ni de vous inciter) \u00e0 r\u00e9aliser aucun geste \u00e0 caract\u00e8re sexuel dans sa pr\u00e9sence.<\/p>\n<p>Aucun ni aucune sexologue n&rsquo;a le droit de vous demander de vous photographier ni de vous filmer en train de r\u00e9aliser des gestes ou actes \u00e0 caract\u00e8re sexuel.<\/p>\n<\/div><\/div><\/div><\/div><\/div><div class=\"vc_col-sm-4 wpb_column vc_column_container\"><div class=\"vc_column-inner\"><div class=\"wpb_wrapper\"><div class=\"wpb_text_column\" ><div class=\"wpb_wrapper\"><p>Aucun ni aucune sexologue n&rsquo;a le droit d&rsquo;avoir des rapports sexuels avec vous. Cela m\u00eame lorsque le praticien &#8211; la praticienne- n&rsquo;est plus votre th\u00e9rapeute.<\/p>\n<p>Les personnes LGBTQAI m\u00e9ritent du respect. Leurs droits sexuels et reproductifs sont inscrits dans les textes internationaux de droits humains. La discrimination est punie par la loi.<\/p>\n<\/div><\/div><\/div><\/div><\/div><div class=\"vc_col-sm-4 wpb_column vc_column_container\"><div class=\"vc_column-inner\"><div class=\"wpb_wrapper\"><div class=\"wpb_text_column\" ><div class=\"wpb_wrapper\"><h3>D\u00e9ontologie<\/h3>\n<p>Secret professionnel<br \/>\nArticles de loi, Code P\u00e9nal fran\u00e7ais.<br \/>\nPr\u00e9conisations de l&rsquo;OMS.<\/p>\n<p>Droits Humains.<\/p>\n<\/div><\/div><\/div><\/div><\/div><\/div><\/div><\/div><\/div><\/div><\/div><\/section>\n<\/div>","protected":false},"excerpt":{"rendered":"\u00c0 propos du Conseil en Sexologie et R\u00e9silience But Vous aider \u00e0 comprendre et d\u00e9passer vos difficult\u00e9s sexuelles. Vous fournir des r\u00e9ponses pr\u00e9cises autour de la sexualit\u00e9, l&rsquo;orgasme, le plaisir, la jouissance, les traumas sexuels, les troubles sexuels, les th\u00e9rapies et voies th\u00e9rapeutiques. Objectifs 1 Le premier objectif est de vous fournir un espace pour...","protected":false},"author":1,"featured_media":0,"parent":0,"menu_order":0,"comment_status":"closed","ping_status":"closed","template":"","meta":{"footnotes":""},"class_list":["post-167","page","type-page","status-publish","hentry"],"acf":[],"_links":{"self":[{"href":"https:\/\/www.sexologiayresiliencia.com\/fr\/wp-json\/wp\/v2\/pages\/167","targetHints":{"allow":["GET"]}}],"collection":[{"href":"https:\/\/www.sexologiayresiliencia.com\/fr\/wp-json\/wp\/v2\/pages"}],"about":[{"href":"https:\/\/www.sexologiayresiliencia.com\/fr\/wp-json\/wp\/v2\/types\/page"}],"author":[{"embeddable":true,"href":"https:\/\/www.sexologiayresiliencia.com\/fr\/wp-json\/wp\/v2\/users\/1"}],"replies":[{"embeddable":true,"href":"https:\/\/www.sexologiayresiliencia.com\/fr\/wp-json\/wp\/v2\/comments?post=167"}],"version-history":[{"count":20,"href":"https:\/\/www.sexologiayresiliencia.com\/fr\/wp-json\/wp\/v2\/pages\/167\/revisions"}],"predecessor-version":[{"id":319,"href":"https:\/\/www.sexologiayresiliencia.com\/fr\/wp-json\/wp\/v2\/pages\/167\/revisions\/319"}],"wp:attachment":[{"href":"https:\/\/www.sexologiayresiliencia.com\/fr\/wp-json\/wp\/v2\/media?parent=167"}],"curies":[{"name":"wp","href":"https:\/\/api.w.org\/{rel}","templated":true}]}}