{"id":171,"date":"2020-10-13T17:11:55","date_gmt":"2020-10-13T17:11:55","guid":{"rendered":"https:\/\/www.sexologiayresiliencia.com\/sexologiayresiliencia\/?page_id=171"},"modified":"2024-04-05T18:50:28","modified_gmt":"2024-04-05T16:50:28","slug":"prendre-rendez-vous","status":"publish","type":"page","link":"https:\/\/www.sexologiayresiliencia.com\/fr\/prendre-rendez-vous\/","title":{"rendered":"Prendre rendez-vous"},"content":{"rendered":"<div class=\"wpb-content-wrapper\"><section class=\"l-section wpb_row height_medium color_secondary with_img parallax_ver with_overlay\"><div class=\"l-section-img\" style=\"background-image: url(https:\/\/www.sexologiayresiliencia.com\/sexologiayresiliencia\/wp-content\/uploads\/2020\/10\/sofa-extended.jpg);background-repeat: no-repeat;\" data-img-width=\"1920\" data-img-height=\"1080\"><\/div><div class=\"l-section-overlay\" style=\"background: linear-gradient(0deg,rgba(26,26,26,0.85),rgba(0,0,0,0.20))\"><\/div><div class=\"l-section-h i-cf\"><div class=\"g-cols vc_row type_default valign_top\"><div class=\"vc_col-sm-8 wpb_column vc_column_container\"><div class=\"vc_column-inner\"><div class=\"wpb_wrapper\"><div class=\"w-separator size_huge\"><\/div><div class=\"wpb_text_column\" ><div class=\"wpb_wrapper\"><h1>Prendre rendez-vous<\/h1>\n<\/div><\/div><\/div><\/div><\/div><div class=\"vc_col-sm-4 wpb_column vc_column_container\"><div class=\"vc_column-inner\"><div class=\"wpb_wrapper\"><\/div><\/div><\/div><\/div><\/div><\/section><section class=\"l-section wpb_row height_medium\"><div class=\"l-section-h i-cf\"><div class=\"g-cols vc_row type_default valign_top gap-2rem\"><style>.g-cols.gap-2rem{margin:0 calc(-1.5rem - 2rem)}.gap-2rem > .vc_column_container {padding:2rem}<\/style><div class=\"vc_col-sm-6 wpb_column vc_column_container\"><div class=\"vc_column-inner\"><div class=\"wpb_wrapper\"><div class=\"wpb_text_column\" ><div class=\"wpb_wrapper\"><h1>Pour obtenir un rendez-vous<\/h1>\n<h5>Ce formulaire est \u00e0 votre disposition<\/h5>\n<\/div><\/div>\n<div class=\"wpcf7 no-js\" id=\"wpcf7-f236-o1\" lang=\"fr-FR\" dir=\"ltr\" data-wpcf7-id=\"236\">\n<div class=\"screen-reader-response\"><p role=\"status\" aria-live=\"polite\" aria-atomic=\"true\"><\/p> <ul><\/ul><\/div>\n<form action=\"\/fr\/wp-json\/wp\/v2\/pages\/171#wpcf7-f236-o1\" method=\"post\" class=\"wpcf7-form init\" aria-label=\"Formulaire de contact\" novalidate=\"novalidate\" data-status=\"init\">\n<div style=\"display: none;\">\n<input type=\"hidden\" name=\"_wpcf7\" value=\"236\" \/>\n<input type=\"hidden\" name=\"_wpcf7_version\" value=\"6.0.6\" \/>\n<input type=\"hidden\" name=\"_wpcf7_locale\" value=\"fr_FR\" \/>\n<input type=\"hidden\" name=\"_wpcf7_unit_tag\" value=\"wpcf7-f236-o1\" \/>\n<input type=\"hidden\" name=\"_wpcf7_container_post\" value=\"0\" \/>\n<input type=\"hidden\" name=\"_wpcf7_posted_data_hash\" value=\"\" \/>\n<\/div>\n<p><label> Pr\u00e9nom Nom *<br \/>\n<span class=\"wpcf7-form-control-wrap\" data-name=\"your-name\"><input size=\"40\" maxlength=\"400\" class=\"wpcf7-form-control wpcf7-text wpcf7-validates-as-required\" aria-required=\"true\" aria-invalid=\"false\" value=\"\" type=\"text\" name=\"your-name\" \/><\/span> <\/label>\n<\/p>\n<p><label> Mail *<br \/>\n<span class=\"wpcf7-form-control-wrap\" data-name=\"your-email\"><input size=\"40\" maxlength=\"400\" class=\"wpcf7-form-control wpcf7-email wpcf7-validates-as-required wpcf7-text wpcf7-validates-as-email\" aria-required=\"true\" aria-invalid=\"false\" value=\"\" type=\"email\" name=\"your-email\" \/><\/span> <\/label>\n<\/p>\n<p><label> Num\u00e9ro de T\u00e9l\u00e9phone *<br \/>\n<span class=\"wpcf7-form-control-wrap\" data-name=\"your-phone\"><input size=\"40\" maxlength=\"400\" class=\"wpcf7-form-control wpcf7-text wpcf7-validates-as-required\" aria-required=\"true\" aria-invalid=\"false\" value=\"\" type=\"text\" name=\"your-phone\" \/><\/span> <\/label>\n<\/p>\n<p><label> Type de consultation *<br \/>\n<span class=\"wpcf7-form-control-wrap\" data-name=\"sesion-type\"><select class=\"wpcf7-form-control wpcf7-select wpcf7-validates-as-required\" aria-required=\"true\" aria-invalid=\"false\" name=\"sesion-type\"><option value=\"\">&#8212;Veuillez choisir une option&#8212;<\/option><option value=\"Consultation individuelle dans ma consulte\">Consultation individuelle dans ma consulte<\/option><option value=\"Consultation individuelle on line\">Consultation individuelle on line<\/option><option value=\"Consultation collective d&#039;une association de victimes on line\">Consultation collective d&#039;une association de victimes on line<\/option><\/select><\/span> <\/label>\n<\/p>\n<p><label> Langue pr\u00e9f\u00e9r\u00e9e<br \/>\n<span class=\"wpcf7-form-control-wrap\" data-name=\"language\"><select class=\"wpcf7-form-control wpcf7-select\" aria-invalid=\"false\" name=\"language\"><option value=\"fran\u00e7ais\">fran\u00e7ais<\/option><option value=\"Espagnol\">Espagnol<\/option><\/select><\/span> <\/label>\n<\/p>\n<p><label> Jour de votre pr\u00e9f\u00e9rence<br \/>\n<span class=\"wpcf7-form-control-wrap\" data-name=\"fecha-consulta\"><input class=\"wpcf7-form-control wpcf7-date wpcf7-validates-as-date\" aria-invalid=\"false\" value=\"\" type=\"date\" name=\"fecha-consulta\" \/><\/span> <\/label>\n<\/p>\n<p><label> Horaire de votre de pr\u00e9f\u00e9rence<br \/>\n<span class=\"wpcf7-form-control-wrap\" data-name=\"horario-consulta\"><select class=\"wpcf7-form-control wpcf7-select wpcf7-validates-as-required\" aria-required=\"true\" aria-invalid=\"false\" name=\"horario-consulta\"><option value=\"\">&#8212;Veuillez choisir une option&#8212;<\/option><option value=\"9h \u00e0 12h\">9h \u00e0 12h<\/option><option value=\"12h \u00e0 15h\">12h \u00e0 15h<\/option><option value=\"15h \u00e0 18h\">15h \u00e0 18h<\/option><\/select><\/span> <\/label>\n<\/p>\n<p>Motif de la consultation<br \/>\n<span class=\"wpcf7-form-control-wrap\" data-name=\"contact-reason\"><span class=\"wpcf7-form-control wpcf7-checkbox\"><span class=\"wpcf7-list-item first\"><label><input type=\"checkbox\" name=\"contact-reason[]\" value=\"Aucun ou peu de plaisir\" \/><span class=\"wpcf7-list-item-label\">Aucun ou peu de plaisir<\/span><\/label><\/span><span class=\"wpcf7-list-item\"><label><input type=\"checkbox\" name=\"contact-reason[]\" value=\"Aucun ou peu de d\u00e9sir\" \/><span class=\"wpcf7-list-item-label\">Aucun ou peu de d\u00e9sir<\/span><\/label><\/span><span class=\"wpcf7-list-item\"><label><input type=\"checkbox\" name=\"contact-reason[]\" value=\"Douleurs pendant les rapports sexuels\" \/><span class=\"wpcf7-list-item-label\">Douleurs pendant les rapports sexuels<\/span><\/label><\/span><span class=\"wpcf7-list-item\"><label><input type=\"checkbox\" name=\"contact-reason[]\" value=\"Aversion sexuelle\" \/><span class=\"wpcf7-list-item-label\">Aversion sexuelle<\/span><\/label><\/span><span class=\"wpcf7-list-item\"><label><input type=\"checkbox\" name=\"contact-reason[]\" value=\"Abandon du corps pendant le contact sensuel ou sexuel\" \/><span class=\"wpcf7-list-item-label\">Abandon du corps pendant le contact sensuel ou sexuel<\/span><\/label><\/span><span class=\"wpcf7-list-item\"><label><input type=\"checkbox\" name=\"contact-reason[]\" value=\"Je pr\u00e9f\u00e8re ne pas l&#039;indiquer ici\" \/><span class=\"wpcf7-list-item-label\">Je pr\u00e9f\u00e8re ne pas l&#039;indiquer ici<\/span><\/label><\/span><span class=\"wpcf7-list-item last\"><label><input type=\"checkbox\" name=\"contact-reason[]\" value=\"Autre\" \/><span class=\"wpcf7-list-item-label\">Autre<\/span><\/label><\/span><\/span><\/span>\n<\/p>\n<p>Trauma(s) sexuel(s) v\u00e9cu(s)<br \/>\n<span class=\"wpcf7-form-control-wrap\" data-name=\"traumas-vividos\"><span class=\"wpcf7-form-control wpcf7-checkbox\"><span class=\"wpcf7-list-item first\"><label><input type=\"checkbox\" name=\"traumas-vividos[]\" value=\"Inceste\" \/><span class=\"wpcf7-list-item-label\">Inceste<\/span><\/label><\/span><span class=\"wpcf7-list-item\"><label><input type=\"checkbox\" name=\"traumas-vividos[]\" value=\"Viol pendant l&#039;enfance\" \/><span class=\"wpcf7-list-item-label\">Viol pendant l&#039;enfance<\/span><\/label><\/span><span class=\"wpcf7-list-item\"><label><input type=\"checkbox\" name=\"traumas-vividos[]\" value=\"Amn\u00e9sie\" \/><span class=\"wpcf7-list-item-label\">Amn\u00e9sie<\/span><\/label><\/span><span class=\"wpcf7-list-item\"><label><input type=\"checkbox\" name=\"traumas-vividos[]\" value=\"Viol conjugal\" \/><span class=\"wpcf7-list-item-label\">Viol conjugal<\/span><\/label><\/span><span class=\"wpcf7-list-item\"><label><input type=\"checkbox\" name=\"traumas-vividos[]\" value=\"Violences sexuelles\" \/><span class=\"wpcf7-list-item-label\">Violences sexuelles<\/span><\/label><\/span><span class=\"wpcf7-list-item\"><label><input type=\"checkbox\" name=\"traumas-vividos[]\" value=\"Cyber violences sexuelles\" \/><span class=\"wpcf7-list-item-label\">Cyber violences sexuelles<\/span><\/label><\/span><span class=\"wpcf7-list-item\"><label><input type=\"checkbox\" name=\"traumas-vividos[]\" value=\"Viol r\u00e9cent\" \/><span class=\"wpcf7-list-item-label\">Viol r\u00e9cent<\/span><\/label><\/span><span class=\"wpcf7-list-item\"><label><input type=\"checkbox\" name=\"traumas-vividos[]\" value=\"Mutilation sexuelle\" \/><span class=\"wpcf7-list-item-label\">Mutilation sexuelle<\/span><\/label><\/span><span class=\"wpcf7-list-item\"><label><input type=\"checkbox\" name=\"traumas-vividos[]\" value=\"Violencias ginecol\u00f3gicas u obstetricales\" \/><span class=\"wpcf7-list-item-label\">Violencias ginecol\u00f3gicas u obstetricales<\/span><\/label><\/span><span class=\"wpcf7-list-item last\"><label><input type=\"checkbox\" name=\"traumas-vividos[]\" value=\"Autre\" \/><span class=\"wpcf7-list-item-label\">Autre<\/span><\/label><\/span><\/span><\/span>\n<\/p>\n<p><label> Message suppl\u00e9mentaire<br \/>\n<span class=\"wpcf7-form-control-wrap\" data-name=\"your-message\"><textarea cols=\"40\" rows=\"10\" maxlength=\"2000\" class=\"wpcf7-form-control wpcf7-textarea\" aria-invalid=\"false\" name=\"your-message\"><\/textarea><\/span> <\/label>\n<\/p>\n<p><input class=\"wpcf7-form-control wpcf7-submit has-spinner\" type=\"submit\" value=\"Envoyer\" \/>\n<\/p><div class=\"wpcf7-response-output\" aria-hidden=\"true\"><\/div>\n<\/form>\n<\/div>\n<\/div><\/div><\/div><div class=\"vc_col-sm-6 wpb_column vc_column_container\"><div class=\"vc_column-inner\"><div class=\"wpb_wrapper\"><div class=\"wpb_text_column\" ><div class=\"wpb_wrapper\"><h1>Choisir ce qui vous convient<\/h1>\n<h5>Jour, heure et modalit\u00e9 de votre consultation<\/h5>\n<p>Sur \u00ab\u00a0Jour de votre pr\u00e9f\u00e9rence\u00a0\u00bb, un calendrier appara\u00eet. Choisissez le jour que vous pr\u00e9f\u00e9rez.<\/p>\n<p>Sur \u00ab\u00a0Horaire de votre pr\u00e9f\u00e9rence\u00a0\u00bb il y a 4 plages horaires au choix. Choisissez celle qui vous convient le mieux.<\/p>\n<p><strong>Par sms<\/strong> je vous indiquerai les horaires qui restent disponibles selon votre choix: rendez-vous pr\u00e9sentiel ou t\u00e9l\u00e9consultation. En r\u00e9ponse, par sms, vous pourrez ensuite confirmer votre rendez-vous.<\/p>\n<p>Si vous voulez obtenir <strong>une information suppl\u00e9mentaire par t\u00e9l\u00e9phone ou si vous souhaitez avoir un contact t\u00e9l\u00e9phonique avant de prendre rendez-vous,<\/strong>\u00a0vous pouvez me joindre directement <strong>les lundi et jeudi de 8h \u00e0 9h au 0672931377<\/strong><\/p>\n<p><strong>Si vous avez choisi une consultation en pr\u00e9sentiel, la confidentialit\u00e9 est totale. L&#8217;emploi du temps \u00e9vite que les patientes se croisent.<\/strong><\/p>\n<\/div><\/div><div class=\"w-separator size_large\"><\/div><div class=\"wpb_text_column\" ><div class=\"wpb_wrapper\"><h1>Paiement<\/h1>\n<h5>Payer une s\u00e9ance 1 heure (60 euros)<\/h5>\n<div class=\"Zmm6We\">\n<div class=\"oIy2qc\" data-message-text=\"Apr\u00e8s avoir rempli le questionnaire, vous pouvez effectuer le paiement en cliquant sur le bouton Paypal\">Apr\u00e8s avoir rempli le questionnaire, vous pouvez effectuer le paiement en cliquant sur le bouton Paypal<\/div>\n<\/div>\n<\/div><\/div>[vc_raw_html]JTNDZGl2JTIwaWQlM0QlMjJzbWFydC1idXR0b24tY29udGFpbmVyJTIyJTNFJTBBJTIwJTIwJTIwJTIwJTIwJTIwJTNDZGl2JTIwc3R5bGUlM0QlMjJ0ZXh0LWFsaWduJTNBJTIwY2VudGVyJTNCJTIyJTNFJTBBJTIwJTIwJTIwJTIwJTIwJTIwJTIwJTIwJTNDZGl2JTIwaWQlM0QlMjJwYXlwYWwtYnV0dG9uLWNvbnRhaW5lciUyMiUzRSUzQyUyRmRpdiUzRSUwQSUyMCUyMCUyMCUyMCUyMCUyMCUzQyUyRmRpdiUzRSUwQSUyMCUyMCUyMCUyMCUzQyUyRmRpdiUzRSUwQSUyMCUyMCUzQ3NjcmlwdCUyMHNyYyUzRCUyMmh0dHBzJTNBJTJGJTJGd3d3LnBheXBhbC5jb20lMkZzZGslMkZqcyUzRmNsaWVudC1pZCUzREFSZWNNUXpBRHIweS1lT002Y3VGUEE1Mm1Xc2g0c25FT2JUS0h5aGp1ZzNTZVFRQ0E2MFJLeHM5YUxBXzg2UUsxaVBlX21SS0pScFlfbGcyJTI2ZW5hYmxlLWZ1bmRpbmclM0R2ZW5tbyUyNmN1cnJlbmN5JTNERVVSJTIyJTIwZGF0YS1zZGstaW50ZWdyYXRpb24tc291cmNlJTNEJTIyYnV0dG9uLWZhY3RvcnklMjIlM0UlM0MlMkZzY3JpcHQlM0UlMEElMjAlMjAlM0NzY3JpcHQlM0UlMEElMjAlMjAlMjAlMjBmdW5jdGlvbiUyMGluaXRQYXlQYWxCdXR0b24lMjglMjklMjAlN0IlMEElMjAlMjAlMjAlMjAlMjAlMjBwYXlwYWwuQnV0dG9ucyUyOCU3QiUwQSUyMCUyMCUyMCUyMCUyMCUyMCUyMCUyMHN0eWxlJTNBJTIwJTdCJTBBJTIwJTIwJTIwJTIwJTIwJTIwJTIwJTIwJTIwJTIwc2hhcGUlM0ElMjAlMjdwaWxsJTI3JTJDJTBBJTIwJTIwJTIwJTIwJTIwJTIwJTIwJTIwJTIwJTIwY29sb3IlM0ElMjAlMjdzaWx2ZXIlMjclMkMlMEElMjAlMjAlMjAlMjAlMjAlMjAlMjAlMjAlMjAlMjBsYXlvdXQlM0ElMjAlMjd2ZXJ0aWNhbCUyNyUyQyUwQSUyMCUyMCUyMCUyMCUyMCUyMCUyMCUyMCUyMCUyMGxhYmVsJTNBJTIwJTI3cGF5cGFsJTI3JTJDJTBBJTIwJTIwJTIwJTIwJTIwJTIwJTIwJTIwJTIwJTIwJTBBJTIwJTIwJTIwJTIwJTIwJTIwJTIwJTIwJTdEJTJDJTBBJTBBJTIwJTIwJTIwJTIwJTIwJTIwJTIwJTIwY3JlYXRlT3JkZXIlM0ElMjBmdW5jdGlvbiUyOGRhdGElMkMlMjBhY3Rpb25zJTI5JTIwJTdCJTBBJTIwJTIwJTIwJTIwJTIwJTIwJTIwJTIwJTIwJTIwcmV0dXJuJTIwYWN0aW9ucy5vcmRlci5jcmVhdGUlMjglN0IlMEElMjAlMjAlMjAlMjAlMjAlMjAlMjAlMjAlMjAlMjAlMjAlMjBwdXJjaGFzZV91bml0cyUzQSUyMCU1QiU3QiUyMmRlc2NyaXB0aW9uJTIyJTNBJTIyQ29uc3VsdGElMjAxJTIwaG9yYSUyMCUyRiUyMFMlQzMlQTlhbmNlJTIwMSUyMGhldXJlJTIyJTJDJTIyYW1vdW50JTIyJTNBJTdCJTIyY3VycmVuY3lfY29kZSUyMiUzQSUyMkVVUiUyMiUyQyUyMnZhbHVlJTIyJTNBNjAlN0QlN0QlNUQlMEElMjAlMjAlMjAlMjAlMjAlMjAlMjAlMjAlMjAlMjAlN0QlMjklM0IlMEElMjAlMjAlMjAlMjAlMjAlMjAlMjAlMjAlN0QlMkMlMEElMEElMjAlMjAlMjAlMjAlMjAlMjAlMjAlMjBvbkFwcHJvdmUlM0ElMjBmdW5jdGlvbiUyOGRhdGElMkMlMjBhY3Rpb25zJTI5JTIwJTdCJTBBJTIwJTIwJTIwJTIwJTIwJTIwJTIwJTIwJTIwJTIwcmV0dXJuJTIwYWN0aW9ucy5vcmRlci5jYXB0dXJlJTI4JTI5LnRoZW4lMjhmdW5jdGlvbiUyOG9yZGVyRGF0YSUyOSUyMCU3QiUwQSUyMCUyMCUyMCUyMCUyMCUyMCUyMCUyMCUyMCUyMCUyMCUyMCUwQSUyMCUyMCUyMCUyMCUyMCUyMCUyMCUyMCUyMCUyMCUyMCUyMCUyRiUyRiUyMEZ1bGwlMjBhdmFpbGFibGUlMjBkZXRhaWxzJTBBJTIwJTIwJTIwJTIwJTIwJTIwJTIwJTIwJTIwJTIwJTIwJTIwY29uc29sZS5sb2clMjglMjdDYXB0dXJlJTIwcmVzdWx0JTI3JTJDJTIwb3JkZXJEYXRhJTJDJTIwSlNPTi5zdHJpbmdpZnklMjhvcmRlckRhdGElMkMlMjBudWxsJTJDJTIwMiUyOSUyOSUzQiUwQSUwQSUyMCUyMCUyMCUyMCUyMCUyMCUyMCUyMCUyMCUyMCUyMCUyMCUyRiUyRiUyMFNob3clMjBhJTIwc3VjY2VzcyUyMG1lc3NhZ2UlMjB3aXRoaW4lMjB0aGlzJTIwcGFnZSUyQyUyMGUuZy4lMEElMjAlMjAlMjAlMjAlMjAlMjAlMjAlMjAlMjAlMjAlMjAlMjBjb25zdCUyMGVsZW1lbnQlMjAlM0QlMjBkb2N1bWVudC5nZXRFbGVtZW50QnlJZCUyOCUyN3BheXBhbC1idXR0b24tY29udGFpbmVyJTI3JTI5JTNCJTBBJTIwJTIwJTIwJTIwJTIwJTIwJTIwJTIwJTIwJTIwJTIwJTIwZWxlbWVudC5pbm5lckhUTUwlMjAlM0QlMjAlMjclMjclM0IlMEElMjAlMjAlMjAlMjAlMjAlMjAlMjAlMjAlMjAlMjAlMjAlMjBlbGVtZW50LmlubmVySFRNTCUyMCUzRCUyMCUyNyUzQ2gzJTNFVGhhbmslMjB5b3UlMjBmb3IlMjB5b3VyJTIwcGF5bWVudCUyMSUzQyUyRmgzJTNFJTI3JTNCJTBBJTBBJTIwJTIwJTIwJTIwJTIwJTIwJTIwJTIwJTIwJTIwJTIwJTIwJTJGJTJGJTIwT3IlMjBnbyUyMHRvJTIwYW5vdGhlciUyMFVSTCUzQSUyMCUyMGFjdGlvbnMucmVkaXJlY3QlMjglMjd0aGFua195b3UuaHRtbCUyNyUyOSUzQiUwQSUyMCUyMCUyMCUyMCUyMCUyMCUyMCUyMCUyMCUyMCUyMCUyMCUwQSUyMCUyMCUyMCUyMCUyMCUyMCUyMCUyMCUyMCUyMCU3RCUyOSUzQiUwQSUyMCUyMCUyMCUyMCUyMCUyMCUyMCUyMCU3RCUyQyUwQSUwQSUyMCUyMCUyMCUyMCUyMCUyMCUyMCUyMG9uRXJyb3IlM0ElMjBmdW5jdGlvbiUyOGVyciUyOSUyMCU3QiUwQSUyMCUyMCUyMCUyMCUyMCUyMCUyMCUyMCUyMCUyMGNvbnNvbGUubG9nJTI4ZXJyJTI5JTNCJTBBJTIwJTIwJTIwJTIwJTIwJTIwJTIwJTIwJTdEJTBBJTIwJTIwJTIwJTIwJTIwJTIwJTdEJTI5LnJlbmRlciUyOCUyNyUyM3BheXBhbC1idXR0b24tY29udGFpbmVyJTI3JTI5JTNCJTBBJTIwJTIwJTIwJTIwJTdEJTBBJTIwJTIwJTIwJTIwaW5pdFBheVBhbEJ1dHRvbiUyOCUyOSUzQiUwQSUyMCUyMCUzQyUyRnNjcmlwdCUzRSUwQQ==[\/vc_raw_html]<div class=\"w-separator size_large\"><\/div><div class=\"wpb_text_column\" ><div class=\"wpb_wrapper\"><h5>Payer une formation 1 heure (180 euros)<\/h5>\n<div class=\"Zmm6We\">\n<div class=\"oIy2qc\" data-message-text=\"S\u00e9ance de formation pour professionnelles, th\u00e9rapeutes, sexologues, conseill\u00e8res conjugales.\">S\u00e9ance de formation pour professionnelles, th\u00e9rapeutes, sexologues, conseill\u00e8res conjugales.<\/div>\n<\/div>\n<\/div><\/div>[vc_raw_html]JTNDZGl2JTIwaWQlM0QlMjJzbWFydC1idXR0b24tY29udGFpbmVyMiUyMiUzRSUwQSUyMCUyMCUyMCUyMCUyMCUyMCUzQ2RpdiUyMHN0eWxlJTNEJTIydGV4dC1hbGlnbiUzQSUyMGNlbnRlciUzQiUyMiUzRSUwQSUyMCUyMCUyMCUyMCUyMCUyMCUyMCUyMCUzQ2RpdiUyMGlkJTNEJTIycGF5cGFsLWJ1dHRvbi1jb250YWluZXJfMiUyMiUzRSUzQyUyRmRpdiUzRSUwQSUyMCUyMCUyMCUyMCUyMCUyMCUzQyUyRmRpdiUzRSUwQSUyMCUyMCUyMCUyMCUzQyUyRmRpdiUzRSUwQSUzQ3NjcmlwdCUzRSUwQSUyMCUyMCUyMCUyMGZ1bmN0aW9uJTIwaW5pdFBheVBhbEJ1dHRvbjIlMjglMjklMjAlN0IlMEElMjAlMjAlMjAlMjAlMjAlMjBwYXlwYWwuQnV0dG9ucyUyOCU3QiUwQSUyMCUyMCUyMCUyMCUyMCUyMCUyMCUyMHN0eWxlJTNBJTIwJTdCJTBBJTIwJTIwJTIwJTIwJTIwJTIwJTIwJTIwJTIwJTIwc2hhcGUlM0ElMjAlMjdwaWxsJTI3JTJDJTBBJTIwJTIwJTIwJTIwJTIwJTIwJTIwJTIwJTIwJTIwY29sb3IlM0ElMjAlMjdibHVlJTI3JTJDJTBBJTIwJTIwJTIwJTIwJTIwJTIwJTIwJTIwJTIwJTIwbGF5b3V0JTNBJTIwJTI3dmVydGljYWwlMjclMkMlMEElMjAlMjAlMjAlMjAlMjAlMjAlMjAlMjAlMjAlMjBsYWJlbCUzQSUyMCUyN3BheXBhbCUyNyUyQyUwQSUyMCUyMCUyMCUyMCUyMCUyMCUyMCUyMCUyMCUyMCUwQSUyMCUyMCUyMCUyMCUyMCUyMCUyMCUyMCU3RCUyQyUwQSUwQSUyMCUyMCUyMCUyMCUyMCUyMCUyMCUyMGNyZWF0ZU9yZGVyJTNBJTIwZnVuY3Rpb24lMjhkYXRhJTJDJTIwYWN0aW9ucyUyOSUyMCU3QiUwQSUyMCUyMCUyMCUyMCUyMCUyMCUyMCUyMCUyMCUyMHJldHVybiUyMGFjdGlvbnMub3JkZXIuY3JlYXRlJTI4JTdCJTBBJTIwJTIwJTIwJTIwJTIwJTIwJTIwJTIwJTIwJTIwJTIwJTIwcHVyY2hhc2VfdW5pdHMlM0ElMjAlNUIlN0IlMjJkZXNjcmlwdGlvbiUyMiUzQSUyMkNhcGFjaXRhY2klQzMlQjNuJTIwJTJGJTIwRm9ybWF0aW9uJTIwJTIyJTJDJTIyYW1vdW50JTIyJTNBJTdCJTIyY3VycmVuY3lfY29kZSUyMiUzQSUyMkVVUiUyMiUyQyUyMnZhbHVlJTIyJTNBMTgwJTdEJTdEJTVEJTBBJTIwJTIwJTIwJTIwJTIwJTIwJTIwJTIwJTIwJTIwJTdEJTI5JTNCJTBBJTIwJTIwJTIwJTIwJTIwJTIwJTIwJTIwJTdEJTJDJTBBJTBBJTIwJTIwJTIwJTIwJTIwJTIwJTIwJTIwb25BcHByb3ZlJTNBJTIwZnVuY3Rpb24lMjhkYXRhJTJDJTIwYWN0aW9ucyUyOSUyMCU3QiUwQSUyMCUyMCUyMCUyMCUyMCUyMCUyMCUyMCUyMCUyMHJldHVybiUyMGFjdGlvbnMub3JkZXIuY2FwdHVyZSUyOCUyOS50aGVuJTI4ZnVuY3Rpb24lMjhvcmRlckRhdGElMjklMjAlN0IlMEElMjAlMjAlMjAlMjAlMjAlMjAlMjAlMjAlMjAlMjAlMjAlMjAlMEElMjAlMjAlMjAlMjAlMjAlMjAlMjAlMjAlMjAlMjAlMjAlMjAlMkYlMkYlMjBGdWxsJTIwYXZhaWxhYmxlJTIwZGV0YWlscyUwQSUyMCUyMCUyMCUyMCUyMCUyMCUyMCUyMCUyMCUyMCUyMCUyMGNvbnNvbGUubG9nJTI4JTI3Q2FwdHVyZSUyMHJlc3VsdCUyNyUyQyUyMG9yZGVyRGF0YSUyQyUyMEpTT04uc3RyaW5naWZ5JTI4b3JkZXJEYXRhJTJDJTIwbnVsbCUyQyUyMDIlMjklMjklM0IlMEElMEElMjAlMjAlMjAlMjAlMjAlMjAlMjAlMjAlMjAlMjAlMjAlMjAlMkYlMkYlMjBTaG93JTIwYSUyMHN1Y2Nlc3MlMjBtZXNzYWdlJTIwd2l0aGluJTIwdGhpcyUyMHBhZ2UlMkMlMjBlLmcuJTBBJTIwJTIwJTIwJTIwJTIwJTIwJTIwJTIwJTIwJTIwJTIwJTIwY29uc3QlMjBlbGVtZW50JTIwJTNEJTIwZG9jdW1lbnQuZ2V0RWxlbWVudEJ5SWQlMjglMjdwYXlwYWwtYnV0dG9uLWNvbnRhaW5lcl8yJTI3JTI5JTNCJTBBJTIwJTIwJTIwJTIwJTIwJTIwJTIwJTIwJTIwJTIwJTIwJTIwZWxlbWVudC5pbm5lckhUTUwlMjAlM0QlMjAlMjclMjclM0IlMEElMjAlMjAlMjAlMjAlMjAlMjAlMjAlMjAlMjAlMjAlMjAlMjBlbGVtZW50LmlubmVySFRNTCUyMCUzRCUyMCUyNyUzQ2gzJTNFVGhhbmslMjB5b3UlMjBmb3IlMjB5b3VyJTIwcGF5bWVudCUyMSUzQyUyRmgzJTNFJTI3JTNCJTBBJTBBJTIwJTIwJTIwJTIwJTIwJTIwJTIwJTIwJTIwJTIwJTIwJTIwJTJGJTJGJTIwT3IlMjBnbyUyMHRvJTIwYW5vdGhlciUyMFVSTCUzQSUyMCUyMGFjdGlvbnMucmVkaXJlY3QlMjglMjd0aGFua195b3UuaHRtbCUyNyUyOSUzQiUwQSUyMCUyMCUyMCUyMCUyMCUyMCUyMCUyMCUyMCUyMCUyMCUyMCUwQSUyMCUyMCUyMCUyMCUyMCUyMCUyMCUyMCUyMCUyMCU3RCUyOSUzQiUwQSUyMCUyMCUyMCUyMCUyMCUyMCUyMCUyMCU3RCUyQyUwQSUwQSUyMCUyMCUyMCUyMCUyMCUyMCUyMCUyMG9uRXJyb3IlM0ElMjBmdW5jdGlvbiUyOGVyciUyOSUyMCU3QiUwQSUyMCUyMCUyMCUyMCUyMCUyMCUyMCUyMCUyMCUyMGNvbnNvbGUubG9nJTI4ZXJyJTI5JTNCJTBBJTIwJTIwJTIwJTIwJTIwJTIwJTIwJTIwJTdEJTBBJTIwJTIwJTIwJTIwJTIwJTIwJTdEJTI5LnJlbmRlciUyOCUyNyUyM3BheXBhbC1idXR0b24tY29udGFpbmVyXzIlMjclMjklM0IlMEElMjAlMjAlMjAlMjAlN0QlMEElMjAlMjAlMjAlMjBpbml0UGF5UGFsQnV0dG9uMiUyOCUyOSUzQiUwQSUyMCUyMCUzQyUyRnNjcmlwdCUzRSUwQQ==[\/vc_raw_html]<\/div><\/div><\/div><\/div><\/div><\/section>\n<\/div>","protected":false},"excerpt":{"rendered":"Prendre rendez-vous Pour obtenir un rendez-vous Ce formulaire est \u00e0 votre disposition Pr\u00e9nom Nom * Mail * Num\u00e9ro de T\u00e9l\u00e9phone * Type de consultation * &#8212;Veuillez choisir une option&#8212;Consultation individuelle dans ma consulteConsultation individuelle on lineConsultation collective d&#039;une association de victimes on line Langue pr\u00e9f\u00e9r\u00e9e fran\u00e7aisEspagnol Jour de votre pr\u00e9f\u00e9rence Horaire de votre de pr\u00e9f\u00e9rence...","protected":false},"author":1,"featured_media":0,"parent":0,"menu_order":0,"comment_status":"closed","ping_status":"closed","template":"","meta":{"footnotes":""},"class_list":["post-171","page","type-page","status-publish","hentry"],"acf":[],"_links":{"self":[{"href":"https:\/\/www.sexologiayresiliencia.com\/fr\/wp-json\/wp\/v2\/pages\/171","targetHints":{"allow":["GET"]}}],"collection":[{"href":"https:\/\/www.sexologiayresiliencia.com\/fr\/wp-json\/wp\/v2\/pages"}],"about":[{"href":"https:\/\/www.sexologiayresiliencia.com\/fr\/wp-json\/wp\/v2\/types\/page"}],"author":[{"embeddable":true,"href":"https:\/\/www.sexologiayresiliencia.com\/fr\/wp-json\/wp\/v2\/users\/1"}],"replies":[{"embeddable":true,"href":"https:\/\/www.sexologiayresiliencia.com\/fr\/wp-json\/wp\/v2\/comments?post=171"}],"version-history":[{"count":17,"href":"https:\/\/www.sexologiayresiliencia.com\/fr\/wp-json\/wp\/v2\/pages\/171\/revisions"}],"predecessor-version":[{"id":527,"href":"https:\/\/www.sexologiayresiliencia.com\/fr\/wp-json\/wp\/v2\/pages\/171\/revisions\/527"}],"wp:attachment":[{"href":"https:\/\/www.sexologiayresiliencia.com\/fr\/wp-json\/wp\/v2\/media?parent=171"}],"curies":[{"name":"wp","href":"https:\/\/api.w.org\/{rel}","templated":true}]}}